{"id":1420,"date":"2023-12-28T10:08:29","date_gmt":"2023-12-28T09:08:29","guid":{"rendered":"https:\/\/solycareafrique.com\/?page_id=1420"},"modified":"2024-01-10T15:22:46","modified_gmt":"2024-01-10T14:22:46","slug":"actualites","status":"publish","type":"page","link":"https:\/\/solycareafrique.com\/index.php\/actualites\/","title":{"rendered":"ACTUS"},"content":{"rendered":"\t\t<div data-elementor-type=\"wp-page\" data-elementor-id=\"1420\" class=\"elementor elementor-1420\">\n\t\t\t\t\t\t<section class=\"elementor-section elementor-top-section elementor-element elementor-element-50e4301f elementor-section-content-middle elementor-section-boxed elementor-section-height-default elementor-section-height-default\" data-id=\"50e4301f\" data-element_type=\"section\" data-e-type=\"section\">\n\t\t\t\t\t\t<div class=\"elementor-container elementor-column-gap-no\">\n\t\t\t\t\t<div class=\"elementor-column elementor-col-33 elementor-top-column elementor-element elementor-element-3113d2ed\" data-id=\"3113d2ed\" data-element_type=\"column\" data-e-type=\"column\">\n\t\t\t<div class=\"elementor-widget-wrap elementor-element-populated\">\n\t\t\t\t\t\t<div class=\"elementor-element elementor-element-4ab96bbe elementor-widget elementor-widget-text-editor\" data-id=\"4ab96bbe\" data-element_type=\"widget\" data-e-type=\"widget\" data-widget_type=\"text-editor.default\">\n\t\t\t\t<div class=\"elementor-widget-container\">\n\t\t\t\t\t\t\t\t\t<p>Our gallery<\/p>\t\t\t\t\t\t\t\t<\/div>\n\t\t\t\t<\/div>\n\t\t\t\t<div class=\"elementor-element elementor-element-5fe3b746 elementor-widget elementor-widget-heading\" data-id=\"5fe3b746\" data-element_type=\"widget\" data-e-type=\"widget\" data-widget_type=\"heading.default\">\n\t\t\t\t<div class=\"elementor-widget-container\">\n\t\t\t\t\t<h3 class=\"elementor-heading-title elementor-size-default\">Congr\u00e8s SFORL Paris 2023<\/h3>\t\t\t\t<\/div>\n\t\t\t\t<\/div>\n\t\t\t\t<div class=\"elementor-element elementor-element-2a08524 elementor-widget elementor-widget-image\" data-id=\"2a08524\" data-element_type=\"widget\" data-e-type=\"widget\" data-widget_type=\"image.default\">\n\t\t\t\t<div class=\"elementor-widget-container\">\n\t\t\t\t\t\t\t\t\t\t\t\t\t\t\t<img fetchpriority=\"high\" decoding=\"async\" width=\"256\" height=\"467\" src=\"https:\/\/solycareafrique.com\/wp-content\/uploads\/2024\/01\/2024-01-10-14_38_55.7970100-1.jpg\" class=\"elementor-animation-grow attachment-large size-large wp-image-1696\" alt=\"\" srcset=\"https:\/\/solycareafrique.com\/wp-content\/uploads\/2024\/01\/2024-01-10-14_38_55.7970100-1.jpg 256w, https:\/\/solycareafrique.com\/wp-content\/uploads\/2024\/01\/2024-01-10-14_38_55.7970100-1-164x300.jpg 164w\" sizes=\"(max-width: 256px) 100vw, 256px\" \/>\t\t\t\t\t\t\t\t\t\t\t\t\t\t\t<\/div>\n\t\t\t\t<\/div>\n\t\t\t\t\t<\/div>\n\t\t<\/div>\n\t\t\t\t<div class=\"elementor-column elementor-col-33 elementor-top-column elementor-element elementor-element-ac470b0\" data-id=\"ac470b0\" data-element_type=\"column\" data-e-type=\"column\">\n\t\t\t<div class=\"elementor-widget-wrap elementor-element-populated\">\n\t\t\t\t\t\t<div class=\"elementor-element elementor-element-3b09f254 elementor-widget elementor-widget-image\" data-id=\"3b09f254\" data-element_type=\"widget\" data-e-type=\"widget\" data-widget_type=\"image.default\">\n\t\t\t\t<div class=\"elementor-widget-container\">\n\t\t\t\t\t\t\t\t\t\t\t\t\t\t\t<img decoding=\"async\" width=\"640\" height=\"427\" src=\"https:\/\/solycareafrique.com\/wp-content\/uploads\/2024\/01\/SFORL-2023-site.png\" class=\"elementor-animation-grow attachment-large size-large wp-image-1697\" alt=\"\" srcset=\"https:\/\/solycareafrique.com\/wp-content\/uploads\/2024\/01\/SFORL-2023-site.png 746w, https:\/\/solycareafrique.com\/wp-content\/uploads\/2024\/01\/SFORL-2023-site-300x200.png 300w\" sizes=\"(max-width: 640px) 100vw, 640px\" \/>\t\t\t\t\t\t\t\t\t\t\t\t\t\t\t<\/div>\n\t\t\t\t<\/div>\n\t\t\t\t<div class=\"elementor-element elementor-element-4213681b elementor-widget elementor-widget-text-editor\" data-id=\"4213681b\" data-element_type=\"widget\" data-e-type=\"widget\" data-widget_type=\"text-editor.default\">\n\t\t\t\t<div class=\"elementor-widget-container\">\n\t\t\t\t\t\t\t\t\t<p>Le congr\u00e8s 2023 de la SFORL, qui s\u2019est tenu pour la premi\u00e8re fois au CNIT La D\u00e9fense \u00e0 Paris a \u00e9t\u00e9 un succ\u00e8s,et nous avons \u00e9t\u00e9 honor\u00e9 d\u2019\u00eatre invit\u00e9 par l&#8217;un de nos fabricant INVESTIS SYNASPSY dans le but de d\u00e9nicher des solutions adapt\u00e9es \u00e0 nos professionnels de sant\u00e9. C&#8217;\u00e9tait un moment enrichissant.<\/p><p>\u00a0<\/p>\t\t\t\t\t\t\t\t<\/div>\n\t\t\t\t<\/div>\n\t\t\t\t\t<\/div>\n\t\t<\/div>\n\t\t\t\t<div class=\"elementor-column elementor-col-33 elementor-top-column elementor-element elementor-element-3d4c685c\" data-id=\"3d4c685c\" data-element_type=\"column\" data-e-type=\"column\">\n\t\t\t<div class=\"elementor-widget-wrap elementor-element-populated\">\n\t\t\t\t\t\t<div class=\"elementor-element elementor-element-4fdaf615 elementor-widget__width-initial elementor-widget elementor-widget-image\" data-id=\"4fdaf615\" data-element_type=\"widget\" data-e-type=\"widget\" data-widget_type=\"image.default\">\n\t\t\t\t<div class=\"elementor-widget-container\">\n\t\t\t\t\t\t\t\t\t\t\t\t\t\t\t<img decoding=\"async\" width=\"640\" height=\"474\" src=\"https:\/\/solycareafrique.com\/wp-content\/uploads\/2024\/01\/Screenshot-2024-01-10-15.01.38-1024x759.png\" class=\"elementor-animation-grow attachment-large size-large wp-image-1703\" alt=\"\" srcset=\"https:\/\/solycareafrique.com\/wp-content\/uploads\/2024\/01\/Screenshot-2024-01-10-15.01.38-1024x759.png 1024w, https:\/\/solycareafrique.com\/wp-content\/uploads\/2024\/01\/Screenshot-2024-01-10-15.01.38-300x222.png 300w, https:\/\/solycareafrique.com\/wp-content\/uploads\/2024\/01\/Screenshot-2024-01-10-15.01.38-768x569.png 768w, https:\/\/solycareafrique.com\/wp-content\/uploads\/2024\/01\/Screenshot-2024-01-10-15.01.38.png 1129w\" sizes=\"(max-width: 640px) 100vw, 640px\" \/>\t\t\t\t\t\t\t\t\t\t\t\t\t\t\t<\/div>\n\t\t\t\t<\/div>\n\t\t\t\t\t<\/div>\n\t\t<\/div>\n\t\t\t\t\t<\/div>\n\t\t<\/section>\n\t\t\t\t<section class=\"elementor-section elementor-top-section elementor-element elementor-element-5c8780cd elementor-section-content-middle elementor-section-boxed elementor-section-height-default elementor-section-height-default\" data-id=\"5c8780cd\" data-element_type=\"section\" data-e-type=\"section\">\n\t\t\t\t\t\t<div class=\"elementor-container elementor-column-gap-no\">\n\t\t\t\t\t<div class=\"elementor-column elementor-col-33 elementor-top-column elementor-element elementor-element-27a96e5e\" data-id=\"27a96e5e\" data-element_type=\"column\" data-e-type=\"column\">\n\t\t\t<div class=\"elementor-widget-wrap elementor-element-populated\">\n\t\t\t\t\t\t<div class=\"elementor-element elementor-element-2213d5fd elementor-widget elementor-widget-text-editor\" data-id=\"2213d5fd\" data-element_type=\"widget\" data-e-type=\"widget\" data-widget_type=\"text-editor.default\">\n\t\t\t\t<div class=\"elementor-widget-container\">\n\t\t\t\t\t\t\t\t\t<p>1 Nov 2023<\/p>\t\t\t\t\t\t\t\t<\/div>\n\t\t\t\t<\/div>\n\t\t\t\t<div class=\"elementor-element elementor-element-2b1ee0de elementor-widget__width-initial elementor-widget elementor-widget-heading\" data-id=\"2b1ee0de\" data-element_type=\"widget\" data-e-type=\"widget\" data-widget_type=\"heading.default\">\n\t\t\t\t<div class=\"elementor-widget-container\">\n\t\t\t\t\t<h3 class=\"elementor-heading-title elementor-size-small\">Journ\u00e9e Francophone de  Radiologie 2022<\/h3>\t\t\t\t<\/div>\n\t\t\t\t<\/div>\n\t\t\t\t<div class=\"elementor-element elementor-element-447f1121 elementor-widget elementor-widget-image\" data-id=\"447f1121\" data-element_type=\"widget\" data-e-type=\"widget\" data-widget_type=\"image.default\">\n\t\t\t\t<div class=\"elementor-widget-container\">\n\t\t\t\t\t\t\t\t\t\t\t\t\t\t\t<img loading=\"lazy\" decoding=\"async\" width=\"461\" height=\"1024\" src=\"https:\/\/solycareafrique.com\/wp-content\/uploads\/2024\/01\/20220924_090423-3-461x1024.jpg\" class=\"elementor-animation-grow attachment-large size-large wp-image-1638\" alt=\"\" srcset=\"https:\/\/solycareafrique.com\/wp-content\/uploads\/2024\/01\/20220924_090423-3-461x1024.jpg 461w, https:\/\/solycareafrique.com\/wp-content\/uploads\/2024\/01\/20220924_090423-3-135x300.jpg 135w, https:\/\/solycareafrique.com\/wp-content\/uploads\/2024\/01\/20220924_090423-3-768x1705.jpg 768w, https:\/\/solycareafrique.com\/wp-content\/uploads\/2024\/01\/20220924_090423-3-692x1536.jpg 692w, https:\/\/solycareafrique.com\/wp-content\/uploads\/2024\/01\/20220924_090423-3-922x2048.jpg 922w, https:\/\/solycareafrique.com\/wp-content\/uploads\/2024\/01\/20220924_090423-3-scaled.jpg 1153w\" sizes=\"(max-width: 461px) 100vw, 461px\" \/>\t\t\t\t\t\t\t\t\t\t\t\t\t\t\t<\/div>\n\t\t\t\t<\/div>\n\t\t\t\t\t<\/div>\n\t\t<\/div>\n\t\t\t\t<div class=\"elementor-column elementor-col-33 elementor-top-column elementor-element elementor-element-2bc0284b\" data-id=\"2bc0284b\" data-element_type=\"column\" data-e-type=\"column\">\n\t\t\t<div class=\"elementor-widget-wrap elementor-element-populated\">\n\t\t\t\t\t\t<div class=\"elementor-element elementor-element-6768641b elementor-widget elementor-widget-image\" data-id=\"6768641b\" data-element_type=\"widget\" data-e-type=\"widget\" data-widget_type=\"image.default\">\n\t\t\t\t<div class=\"elementor-widget-container\">\n\t\t\t\t\t\t\t\t\t\t\t\t\t\t\t<img loading=\"lazy\" decoding=\"async\" width=\"640\" height=\"517\" src=\"https:\/\/solycareafrique.com\/wp-content\/uploads\/2024\/01\/Screenshot-2024-01-10-12.26.01.png\" class=\"elementor-animation-grow attachment-large size-large wp-image-1639\" alt=\"\" srcset=\"https:\/\/solycareafrique.com\/wp-content\/uploads\/2024\/01\/Screenshot-2024-01-10-12.26.01.png 740w, https:\/\/solycareafrique.com\/wp-content\/uploads\/2024\/01\/Screenshot-2024-01-10-12.26.01-300x242.png 300w\" sizes=\"(max-width: 640px) 100vw, 640px\" \/>\t\t\t\t\t\t\t\t\t\t\t\t\t\t\t<\/div>\n\t\t\t\t<\/div>\n\t\t\t\t<div class=\"elementor-element elementor-element-5fcd46f2 elementor-widget elementor-widget-text-editor\" data-id=\"5fcd46f2\" data-element_type=\"widget\" data-e-type=\"widget\" data-widget_type=\"text-editor.default\">\n\t\t\t\t<div class=\"elementor-widget-container\">\n\t\t\t\t\t\t\t\t\t<p><img loading=\"lazy\" decoding=\"async\" class=\"alignnone size-medium wp-image-1650\" src=\"https:\/\/solycareafrique.com\/wp-content\/uploads\/2024\/01\/visuel_JFR_2022-300x169.png\" alt=\"\" width=\"300\" height=\"169\" srcset=\"https:\/\/solycareafrique.com\/wp-content\/uploads\/2024\/01\/visuel_JFR_2022-300x169.png 300w, https:\/\/solycareafrique.com\/wp-content\/uploads\/2024\/01\/visuel_JFR_2022-768x432.png 768w, https:\/\/solycareafrique.com\/wp-content\/uploads\/2024\/01\/visuel_JFR_2022.png 790w\" sizes=\"(max-width: 300px) 100vw, 300px\" \/><\/p><p>Du 07 octobre 2022 au 10 octobre 2022 SOLYCARE AFRIQUE au cot\u00e9 de SOLYCARE Europe \u00e9tait pr\u00e9sent aux journ\u00e9es Francophones de Radiologie sous le th\u00e8me: Diagnostique &amp; Interventionnelle pour pr\u00e9senter ses aides aux positionnement et son VEINOM\u00c8NE.<\/p>\t\t\t\t\t\t\t\t<\/div>\n\t\t\t\t<\/div>\n\t\t\t\t\t<\/div>\n\t\t<\/div>\n\t\t\t\t<div class=\"elementor-column elementor-col-33 elementor-top-column elementor-element elementor-element-63c9741e\" data-id=\"63c9741e\" data-element_type=\"column\" data-e-type=\"column\">\n\t\t\t<div class=\"elementor-widget-wrap elementor-element-populated\">\n\t\t\t\t\t\t<div class=\"elementor-element elementor-element-5bac0b4d elementor-widget elementor-widget-image\" data-id=\"5bac0b4d\" data-element_type=\"widget\" data-e-type=\"widget\" data-widget_type=\"image.default\">\n\t\t\t\t<div class=\"elementor-widget-container\">\n\t\t\t\t\t\t\t\t\t\t\t\t\t\t\t<img loading=\"lazy\" decoding=\"async\" width=\"1010\" height=\"1986\" src=\"https:\/\/solycareafrique.com\/wp-content\/uploads\/2024\/01\/1696614300405.jpeg\" class=\"elementor-animation-grow attachment-full size-full wp-image-1660\" alt=\"\" srcset=\"https:\/\/solycareafrique.com\/wp-content\/uploads\/2024\/01\/1696614300405.jpeg 1010w, https:\/\/solycareafrique.com\/wp-content\/uploads\/2024\/01\/1696614300405-153x300.jpeg 153w, https:\/\/solycareafrique.com\/wp-content\/uploads\/2024\/01\/1696614300405-521x1024.jpeg 521w, https:\/\/solycareafrique.com\/wp-content\/uploads\/2024\/01\/1696614300405-768x1510.jpeg 768w, https:\/\/solycareafrique.com\/wp-content\/uploads\/2024\/01\/1696614300405-781x1536.jpeg 781w\" sizes=\"(max-width: 1010px) 100vw, 1010px\" \/>\t\t\t\t\t\t\t\t\t\t\t\t\t\t\t<\/div>\n\t\t\t\t<\/div>\n\t\t\t\t\t<\/div>\n\t\t<\/div>\n\t\t\t\t\t<\/div>\n\t\t<\/section>\n\t\t\t\t<section class=\"elementor-section elementor-top-section elementor-element elementor-element-2fe6ce49 elementor-section-content-middle elementor-section-boxed elementor-section-height-default elementor-section-height-default\" data-id=\"2fe6ce49\" data-element_type=\"section\" data-e-type=\"section\">\n\t\t\t\t\t\t<div class=\"elementor-container elementor-column-gap-no\">\n\t\t\t\t\t<div class=\"elementor-column elementor-col-33 elementor-top-column elementor-element elementor-element-7a29898f\" data-id=\"7a29898f\" data-element_type=\"column\" data-e-type=\"column\">\n\t\t\t<div class=\"elementor-widget-wrap elementor-element-populated\">\n\t\t\t\t\t\t<div class=\"elementor-element elementor-element-29ec1537 elementor-widget elementor-widget-text-editor\" data-id=\"29ec1537\" data-element_type=\"widget\" data-e-type=\"widget\" data-widget_type=\"text-editor.default\">\n\t\t\t\t<div class=\"elementor-widget-container\">\n\t\t\t\t\t\t\t\t\t<p>Our gallery<\/p>\t\t\t\t\t\t\t\t<\/div>\n\t\t\t\t<\/div>\n\t\t\t\t<div class=\"elementor-element elementor-element-33d1f8cd elementor-widget elementor-widget-heading\" data-id=\"33d1f8cd\" data-element_type=\"widget\" data-e-type=\"widget\" data-widget_type=\"heading.default\">\n\t\t\t\t<div class=\"elementor-widget-container\">\n\t\t\t\t\t<h3 class=\"elementor-heading-title elementor-size-small\">35\u00e8mes journ\u00e9e Francophones d'IRM Paris 2022<\/h3>\t\t\t\t<\/div>\n\t\t\t\t<\/div>\n\t\t\t\t<div class=\"elementor-element elementor-element-1770024c elementor-widget elementor-widget-image\" data-id=\"1770024c\" data-element_type=\"widget\" data-e-type=\"widget\" data-widget_type=\"image.default\">\n\t\t\t\t<div class=\"elementor-widget-container\">\n\t\t\t\t\t\t\t\t\t\t\t\t\t\t\t<img loading=\"lazy\" decoding=\"async\" width=\"461\" height=\"1024\" src=\"https:\/\/solycareafrique.com\/wp-content\/uploads\/2024\/01\/20221007_130906-461x1024.jpg\" class=\"elementor-animation-grow attachment-large size-large wp-image-1666\" alt=\"\" srcset=\"https:\/\/solycareafrique.com\/wp-content\/uploads\/2024\/01\/20221007_130906-461x1024.jpg 461w, https:\/\/solycareafrique.com\/wp-content\/uploads\/2024\/01\/20221007_130906-135x300.jpg 135w, https:\/\/solycareafrique.com\/wp-content\/uploads\/2024\/01\/20221007_130906-768x1705.jpg 768w, https:\/\/solycareafrique.com\/wp-content\/uploads\/2024\/01\/20221007_130906-692x1536.jpg 692w, https:\/\/solycareafrique.com\/wp-content\/uploads\/2024\/01\/20221007_130906-922x2048.jpg 922w, https:\/\/solycareafrique.com\/wp-content\/uploads\/2024\/01\/20221007_130906-scaled.jpg 1153w\" sizes=\"(max-width: 461px) 100vw, 461px\" \/>\t\t\t\t\t\t\t\t\t\t\t\t\t\t\t<\/div>\n\t\t\t\t<\/div>\n\t\t\t\t\t<\/div>\n\t\t<\/div>\n\t\t\t\t<div class=\"elementor-column elementor-col-33 elementor-top-column elementor-element elementor-element-c4f8b4a\" data-id=\"c4f8b4a\" data-element_type=\"column\" data-e-type=\"column\">\n\t\t\t<div class=\"elementor-widget-wrap elementor-element-populated\">\n\t\t\t\t\t\t<div class=\"elementor-element elementor-element-16371f12 elementor-widget elementor-widget-image\" data-id=\"16371f12\" data-element_type=\"widget\" data-e-type=\"widget\" data-widget_type=\"image.default\">\n\t\t\t\t<div class=\"elementor-widget-container\">\n\t\t\t\t\t\t\t\t\t\t\t\t\t\t\t<img loading=\"lazy\" decoding=\"async\" width=\"640\" height=\"928\" src=\"https:\/\/solycareafrique.com\/wp-content\/uploads\/2024\/01\/IMG-20220922-WA0017.jpg\" class=\"elementor-animation-grow attachment-large size-large wp-image-1664\" alt=\"\" srcset=\"https:\/\/solycareafrique.com\/wp-content\/uploads\/2024\/01\/IMG-20220922-WA0017.jpg 706w, https:\/\/solycareafrique.com\/wp-content\/uploads\/2024\/01\/IMG-20220922-WA0017-207x300.jpg 207w\" sizes=\"(max-width: 640px) 100vw, 640px\" \/>\t\t\t\t\t\t\t\t\t\t\t\t\t\t\t<\/div>\n\t\t\t\t<\/div>\n\t\t\t\t<div class=\"elementor-element elementor-element-6c84fb78 elementor-widget elementor-widget-text-editor\" data-id=\"6c84fb78\" data-element_type=\"widget\" data-e-type=\"widget\" data-widget_type=\"text-editor.default\">\n\t\t\t\t<div class=\"elementor-widget-container\">\n\t\t\t\t\t\t\t\t\t<p>C\u2019\u00e9tait un plaisir que de participer aux 35\u00e8me journ\u00e9es Francophones d&#8217;IRM le 24 et 25 septembre \u00e0 Paris.<br \/>L\u2019occasion de faire d\u00e9couvrir \u00e0 l\u2019ensemble des professionnels nos appareils \u00e0 imagerie m\u00e9dicale et notre VEINOMENE. Notre d\u00e9tecteur de veines bas\u00e9 sur une technologie Infrarouge et qu\u2019il est possible de rendre la pose de cath\u00e9ter facile et accessible \u00e0 tous.<\/p>\t\t\t\t\t\t\t\t<\/div>\n\t\t\t\t<\/div>\n\t\t\t\t\t<\/div>\n\t\t<\/div>\n\t\t\t\t<div class=\"elementor-column elementor-col-33 elementor-top-column elementor-element elementor-element-5cafa28b\" data-id=\"5cafa28b\" data-element_type=\"column\" data-e-type=\"column\">\n\t\t\t<div class=\"elementor-widget-wrap elementor-element-populated\">\n\t\t\t\t\t\t<div class=\"elementor-element elementor-element-12064495 elementor-widget elementor-widget-image\" data-id=\"12064495\" data-element_type=\"widget\" data-e-type=\"widget\" data-widget_type=\"image.default\">\n\t\t\t\t<div class=\"elementor-widget-container\">\n\t\t\t\t\t\t\t\t\t\t\t\t\t\t\t<img loading=\"lazy\" decoding=\"async\" width=\"1153\" height=\"2560\" src=\"https:\/\/solycareafrique.com\/wp-content\/uploads\/2024\/01\/20221008_134757-scaled.jpg\" class=\"elementor-animation-grow attachment-full size-full wp-image-1667\" alt=\"\" srcset=\"https:\/\/solycareafrique.com\/wp-content\/uploads\/2024\/01\/20221008_134757-scaled.jpg 1153w, https:\/\/solycareafrique.com\/wp-content\/uploads\/2024\/01\/20221008_134757-135x300.jpg 135w, https:\/\/solycareafrique.com\/wp-content\/uploads\/2024\/01\/20221008_134757-461x1024.jpg 461w, https:\/\/solycareafrique.com\/wp-content\/uploads\/2024\/01\/20221008_134757-768x1705.jpg 768w, https:\/\/solycareafrique.com\/wp-content\/uploads\/2024\/01\/20221008_134757-692x1536.jpg 692w, https:\/\/solycareafrique.com\/wp-content\/uploads\/2024\/01\/20221008_134757-922x2048.jpg 922w\" sizes=\"(max-width: 1153px) 100vw, 1153px\" \/>\t\t\t\t\t\t\t\t\t\t\t\t\t\t\t<\/div>\n\t\t\t\t<\/div>\n\t\t\t\t\t<\/div>\n\t\t<\/div>\n\t\t\t\t\t<\/div>\n\t\t<\/section>\n\t\t\t\t<\/div>\n\t\t","protected":false},"excerpt":{"rendered":"<p>Our gallery Congr\u00e8s SFORL Paris 2023 Le congr\u00e8s 2023 de la SFORL, qui s\u2019est tenu pour la premi\u00e8re fois au CNIT La D\u00e9fense \u00e0 Paris a \u00e9t\u00e9 un succ\u00e8s,et nous avons \u00e9t\u00e9 honor\u00e9 d\u2019\u00eatre invit\u00e9 par l&#8217;un de nos fabricant INVESTIS SYNASPSY dans le but de d\u00e9nicher des solutions adapt\u00e9es&hellip;<\/p>\n","protected":false},"author":1,"featured_media":0,"parent":0,"menu_order":0,"comment_status":"closed","ping_status":"closed","template":"","meta":{"footnotes":""},"class_list":["post-1420","page","type-page","status-publish","hentry"],"_links":{"self":[{"href":"https:\/\/solycareafrique.com\/index.php\/wp-json\/wp\/v2\/pages\/1420","targetHints":{"allow":["GET"]}}],"collection":[{"href":"https:\/\/solycareafrique.com\/index.php\/wp-json\/wp\/v2\/pages"}],"about":[{"href":"https:\/\/solycareafrique.com\/index.php\/wp-json\/wp\/v2\/types\/page"}],"author":[{"embeddable":true,"href":"https:\/\/solycareafrique.com\/index.php\/wp-json\/wp\/v2\/users\/1"}],"replies":[{"embeddable":true,"href":"https:\/\/solycareafrique.com\/index.php\/wp-json\/wp\/v2\/comments?post=1420"}],"version-history":[{"count":57,"href":"https:\/\/solycareafrique.com\/index.php\/wp-json\/wp\/v2\/pages\/1420\/revisions"}],"predecessor-version":[{"id":1718,"href":"https:\/\/solycareafrique.com\/index.php\/wp-json\/wp\/v2\/pages\/1420\/revisions\/1718"}],"wp:attachment":[{"href":"https:\/\/solycareafrique.com\/index.php\/wp-json\/wp\/v2\/media?parent=1420"}],"curies":[{"name":"wp","href":"https:\/\/api.w.org\/{rel}","templated":true}]}}