{"id":1518,"date":"2024-01-09T22:01:50","date_gmt":"2024-01-09T21:01:50","guid":{"rendered":"https:\/\/solycareafrique.com\/?page_id=1518"},"modified":"2024-03-13T15:53:31","modified_gmt":"2024-03-13T14:53:31","slug":"notre-equipe","status":"publish","type":"page","link":"https:\/\/solycareafrique.com\/index.php\/notre-equipe\/","title":{"rendered":"Notre \u00e9quipe"},"content":{"rendered":"\t\t<div data-elementor-type=\"wp-page\" data-elementor-id=\"1518\" class=\"elementor elementor-1518\">\n\t\t\t\t\t\t<section class=\"elementor-section elementor-top-section elementor-element elementor-element-3ad41bcd elementor-section-content-middle elementor-section-boxed elementor-section-height-default elementor-section-height-default\" data-id=\"3ad41bcd\" data-element_type=\"section\" data-e-type=\"section\">\n\t\t\t\t\t\t<div class=\"elementor-container elementor-column-gap-no\">\n\t\t\t\t\t<div class=\"elementor-column elementor-col-100 elementor-top-column elementor-element elementor-element-1702adf9\" data-id=\"1702adf9\" data-element_type=\"column\" data-e-type=\"column\">\n\t\t\t<div class=\"elementor-widget-wrap elementor-element-populated\">\n\t\t\t\t\t\t<div class=\"elementor-element elementor-element-55e85aaf elementor-widget elementor-widget-heading\" data-id=\"55e85aaf\" data-element_type=\"widget\" data-e-type=\"widget\" data-widget_type=\"heading.default\">\n\t\t\t\t<div class=\"elementor-widget-container\">\n\t\t\t\t\t<h4 class=\"elementor-heading-title elementor-size-default\">Notre \u00e9quipe<\/h4>\t\t\t\t<\/div>\n\t\t\t\t<\/div>\n\t\t\t\t<section class=\"elementor-section elementor-inner-section elementor-element elementor-element-6cfd1d91 elementor-section-boxed elementor-section-height-default elementor-section-height-default\" data-id=\"6cfd1d91\" data-element_type=\"section\" data-e-type=\"section\">\n\t\t\t\t\t\t<div class=\"elementor-container elementor-column-gap-default\">\n\t\t\t\t\t<div class=\"elementor-column elementor-col-50 elementor-inner-column elementor-element elementor-element-2c761216\" data-id=\"2c761216\" data-element_type=\"column\" data-e-type=\"column\">\n\t\t\t<div class=\"elementor-widget-wrap elementor-element-populated\">\n\t\t\t\t\t\t<div class=\"elementor-element elementor-element-749cbe34 elementor-position-left elementor-vertical-align-middle elementor-widget__width-initial elementor-invisible elementor-widget elementor-widget-image-box\" data-id=\"749cbe34\" data-element_type=\"widget\" data-e-type=\"widget\" data-settings=\"{&quot;_animation&quot;:&quot;fadeIn&quot;}\" data-widget_type=\"image-box.default\">\n\t\t\t\t<div class=\"elementor-widget-container\">\n\t\t\t\t\t<div class=\"elementor-image-box-wrapper\"><figure class=\"elementor-image-box-img\"><img fetchpriority=\"high\" decoding=\"async\" width=\"1077\" height=\"1060\" src=\"https:\/\/solycareafrique.com\/wp-content\/uploads\/2023\/08\/Laure_1000-1200-e1704834426103.jpg\" class=\"elementor-animation-grow attachment-full size-full wp-image-356\" alt=\"\" srcset=\"https:\/\/solycareafrique.com\/wp-content\/uploads\/2023\/08\/Laure_1000-1200-e1704834426103.jpg 1077w, https:\/\/solycareafrique.com\/wp-content\/uploads\/2023\/08\/Laure_1000-1200-e1704834426103-300x295.jpg 300w, https:\/\/solycareafrique.com\/wp-content\/uploads\/2023\/08\/Laure_1000-1200-e1704834426103-1024x1008.jpg 1024w, https:\/\/solycareafrique.com\/wp-content\/uploads\/2023\/08\/Laure_1000-1200-e1704834426103-768x756.jpg 768w\" sizes=\"(max-width: 1077px) 100vw, 1077px\" \/><\/figure><div class=\"elementor-image-box-content\"><h3 class=\"elementor-image-box-title\">Laure NZHIOU<\/h3><p class=\"elementor-image-box-description\">Pr\u00e9sidente fondatrice<\/p><\/div><\/div>\t\t\t\t<\/div>\n\t\t\t\t<\/div>\n\t\t\t\t<div class=\"elementor-element elementor-element-7c6c25c3 elementor-widget__width-initial elementor-widget elementor-widget-text-editor\" data-id=\"7c6c25c3\" data-element_type=\"widget\" data-e-type=\"widget\" data-widget_type=\"text-editor.default\">\n\t\t\t\t<div class=\"elementor-widget-container\">\n\t\t\t\t\t\t\t\t\t<p>Chef d\u2019entreprise passionn\u00e9e par l\u2019innovation et la cr\u00e9ation de valeur.<\/p><p>7 ans d\u2019exp\u00e9rience dans la gestion d\u2019\u00e9quipes et la r\u00e9alisation d\u2019objectifs ambitieux . Expert en n\u00e9gociation, en d\u00e9veloppement de nouveaux march\u00e9s et en relation clients.<\/p>\t\t\t\t\t\t\t\t<\/div>\n\t\t\t\t<\/div>\n\t\t\t\t\t<\/div>\n\t\t<\/div>\n\t\t\t\t<div class=\"elementor-column elementor-col-50 elementor-inner-column elementor-element elementor-element-12fc9f08\" data-id=\"12fc9f08\" data-element_type=\"column\" data-e-type=\"column\">\n\t\t\t<div class=\"elementor-widget-wrap elementor-element-populated\">\n\t\t\t\t\t\t<div class=\"elementor-element elementor-element-29e74f29 elementor-position-left elementor-vertical-align-middle elementor-widget__width-auto elementor-invisible elementor-widget elementor-widget-image-box\" data-id=\"29e74f29\" data-element_type=\"widget\" data-e-type=\"widget\" data-settings=\"{&quot;_animation&quot;:&quot;fadeIn&quot;}\" data-widget_type=\"image-box.default\">\n\t\t\t\t<div class=\"elementor-widget-container\">\n\t\t\t\t\t<div class=\"elementor-image-box-wrapper\"><figure class=\"elementor-image-box-img\"><img decoding=\"async\" width=\"705\" height=\"705\" src=\"https:\/\/solycareafrique.com\/wp-content\/uploads\/2024\/01\/Share-443668293278607101-e1704895926486.jpg\" class=\"attachment-full size-full wp-image-1547\" alt=\"\" srcset=\"https:\/\/solycareafrique.com\/wp-content\/uploads\/2024\/01\/Share-443668293278607101-e1704895926486.jpg 705w, https:\/\/solycareafrique.com\/wp-content\/uploads\/2024\/01\/Share-443668293278607101-e1704895926486-300x300.jpg 300w, https:\/\/solycareafrique.com\/wp-content\/uploads\/2024\/01\/Share-443668293278607101-e1704895926486-150x150.jpg 150w, https:\/\/solycareafrique.com\/wp-content\/uploads\/2024\/01\/Share-443668293278607101-e1704895926486-400x400.jpg 400w, https:\/\/solycareafrique.com\/wp-content\/uploads\/2024\/01\/Share-443668293278607101-e1704895926486-475x475.jpg 475w\" sizes=\"(max-width: 705px) 100vw, 705px\" \/><\/figure><div class=\"elementor-image-box-content\"><h3 class=\"elementor-image-box-title\">Dr Arnaud MEKEME<\/h3><p class=\"elementor-image-box-description\">Directeur Technique <\/p><\/div><\/div>\t\t\t\t<\/div>\n\t\t\t\t<\/div>\n\t\t\t\t<div class=\"elementor-element elementor-element-3c6afe7f elementor-widget elementor-widget-text-editor\" data-id=\"3c6afe7f\" data-element_type=\"widget\" data-e-type=\"widget\" data-widget_type=\"text-editor.default\">\n\t\t\t\t<div class=\"elementor-widget-container\">\n\t\t\t\t\t\t\t\t\t<p>Docteur en Pharmacie, expert du domaine pharmaceutique .<\/p><p>9 ans d\u2019exp\u00e9rience en Pharmacie Hospitali\u00e8re, en industrie pharmaceutique et dans la Gestion des stocks, et la r\u00e9glementation pharmaceutiques.<\/p>\t\t\t\t\t\t\t\t<\/div>\n\t\t\t\t<\/div>\n\t\t\t\t\t<\/div>\n\t\t<\/div>\n\t\t\t\t\t<\/div>\n\t\t<\/section>\n\t\t\t\t<section class=\"elementor-section elementor-inner-section elementor-element elementor-element-48f0b2c8 elementor-section-boxed elementor-section-height-default elementor-section-height-default\" data-id=\"48f0b2c8\" data-element_type=\"section\" data-e-type=\"section\">\n\t\t\t\t\t\t<div class=\"elementor-container elementor-column-gap-default\">\n\t\t\t\t\t<div class=\"elementor-column elementor-col-50 elementor-inner-column elementor-element elementor-element-68e12f00\" data-id=\"68e12f00\" data-element_type=\"column\" data-e-type=\"column\">\n\t\t\t<div class=\"elementor-widget-wrap elementor-element-populated\">\n\t\t\t\t\t\t<div class=\"elementor-element elementor-element-4b177b6c elementor-position-left elementor-vertical-align-middle elementor-invisible elementor-widget elementor-widget-image-box\" data-id=\"4b177b6c\" data-element_type=\"widget\" data-e-type=\"widget\" data-settings=\"{&quot;_animation&quot;:&quot;fadeIn&quot;}\" data-widget_type=\"image-box.default\">\n\t\t\t\t<div class=\"elementor-widget-container\">\n\t\t\t\t\t<div class=\"elementor-image-box-wrapper\"><figure class=\"elementor-image-box-img\"><img decoding=\"async\" width=\"398\" height=\"398\" src=\"https:\/\/solycareafrique.com\/wp-content\/uploads\/2024\/03\/romain.jpg\" class=\"attachment-full size-full wp-image-2275\" alt=\"\" srcset=\"https:\/\/solycareafrique.com\/wp-content\/uploads\/2024\/03\/romain.jpg 398w, https:\/\/solycareafrique.com\/wp-content\/uploads\/2024\/03\/romain-300x300.jpg 300w, https:\/\/solycareafrique.com\/wp-content\/uploads\/2024\/03\/romain-150x150.jpg 150w\" sizes=\"(max-width: 398px) 100vw, 398px\" \/><\/figure><div class=\"elementor-image-box-content\"><h3 class=\"elementor-image-box-title\">Romain VERGNIOL<\/h3><p class=\"elementor-image-box-description\">Directeur Gouvernance, Risques et Conformit\u00e9<\/p><\/div><\/div>\t\t\t\t<\/div>\n\t\t\t\t<\/div>\n\t\t\t\t<div class=\"elementor-element elementor-element-6986e15b elementor-widget elementor-widget-text-editor\" data-id=\"6986e15b\" data-element_type=\"widget\" data-e-type=\"widget\" data-widget_type=\"text-editor.default\">\n\t\t\t\t<div class=\"elementor-widget-container\">\n\t\t\t\t\t\t\t\t\t<p>20 ans d&#8217;exp\u00e9rience en gestion des risques, audits et conformit\u00e9 r\u00e8glementaire.\u00a0<span style=\"font-family: var( --e-global-typography-text-font-family ), Sans-serif;\">Expert en syst\u00e8mes de management et cybers\u00e9curit\u00e9.\u00a0<\/span><\/p>\t\t\t\t\t\t\t\t<\/div>\n\t\t\t\t<\/div>\n\t\t\t\t\t<\/div>\n\t\t<\/div>\n\t\t\t\t<div class=\"elementor-column elementor-col-50 elementor-inner-column elementor-element elementor-element-29499329\" data-id=\"29499329\" data-element_type=\"column\" data-e-type=\"column\">\n\t\t\t<div class=\"elementor-widget-wrap elementor-element-populated\">\n\t\t\t\t\t\t<div class=\"elementor-element elementor-element-3810a210 elementor-position-left elementor-vertical-align-middle elementor-widget elementor-widget-image-box\" data-id=\"3810a210\" data-element_type=\"widget\" data-e-type=\"widget\" data-widget_type=\"image-box.default\">\n\t\t\t\t<div class=\"elementor-widget-container\">\n\t\t\t\t\t<div class=\"elementor-image-box-wrapper\"><figure class=\"elementor-image-box-img\"><img loading=\"lazy\" decoding=\"async\" width=\"225\" height=\"225\" src=\"https:\/\/solycareafrique.com\/wp-content\/uploads\/2024\/03\/telechargement.png\" class=\"attachment-full size-full wp-image-2276\" alt=\"\" srcset=\"https:\/\/solycareafrique.com\/wp-content\/uploads\/2024\/03\/telechargement.png 225w, https:\/\/solycareafrique.com\/wp-content\/uploads\/2024\/03\/telechargement-150x150.png 150w\" sizes=\"(max-width: 225px) 100vw, 225px\" \/><\/figure><div class=\"elementor-image-box-content\"><h3 class=\"elementor-image-box-title\">RESPONSABLE COMMERCIAL<\/h3><p class=\"elementor-image-box-description\">En recrutement<\/p><\/div><\/div>\t\t\t\t<\/div>\n\t\t\t\t<\/div>\n\t\t\t\t\t<\/div>\n\t\t<\/div>\n\t\t\t\t\t<\/div>\n\t\t<\/section>\n\t\t\t\t<section class=\"elementor-section elementor-inner-section elementor-element elementor-element-0c69766 elementor-section-boxed elementor-section-height-default elementor-section-height-default\" data-id=\"0c69766\" data-element_type=\"section\" data-e-type=\"section\">\n\t\t\t\t\t\t<div class=\"elementor-container elementor-column-gap-default\">\n\t\t\t\t\t<div class=\"elementor-column elementor-col-50 elementor-inner-column elementor-element elementor-element-3f2c5ea\" data-id=\"3f2c5ea\" data-element_type=\"column\" data-e-type=\"column\">\n\t\t\t<div class=\"elementor-widget-wrap elementor-element-populated\">\n\t\t\t\t\t\t<div class=\"elementor-element elementor-element-f284091 elementor-position-left elementor-vertical-align-middle elementor-widget elementor-widget-image-box\" data-id=\"f284091\" data-element_type=\"widget\" data-e-type=\"widget\" data-widget_type=\"image-box.default\">\n\t\t\t\t<div class=\"elementor-widget-container\">\n\t\t\t\t\t<div class=\"elementor-image-box-wrapper\"><figure class=\"elementor-image-box-img\"><img loading=\"lazy\" decoding=\"async\" width=\"225\" height=\"225\" src=\"https:\/\/solycareafrique.com\/wp-content\/uploads\/2024\/03\/telechargement.png\" class=\"attachment-full size-full wp-image-2276\" alt=\"\" srcset=\"https:\/\/solycareafrique.com\/wp-content\/uploads\/2024\/03\/telechargement.png 225w, https:\/\/solycareafrique.com\/wp-content\/uploads\/2024\/03\/telechargement-150x150.png 150w\" sizes=\"(max-width: 225px) 100vw, 225px\" \/><\/figure><div class=\"elementor-image-box-content\"><h3 class=\"elementor-image-box-title\">COMMERCIAL<\/h3><p class=\"elementor-image-box-description\">En recrutement<\/p><\/div><\/div>\t\t\t\t<\/div>\n\t\t\t\t<\/div>\n\t\t\t\t\t<\/div>\n\t\t<\/div>\n\t\t\t\t<div class=\"elementor-column elementor-col-50 elementor-inner-column elementor-element elementor-element-40b36ad\" data-id=\"40b36ad\" data-element_type=\"column\" data-e-type=\"column\">\n\t\t\t<div class=\"elementor-widget-wrap elementor-element-populated\">\n\t\t\t\t\t\t<div class=\"elementor-element elementor-element-e88e3bc elementor-position-left elementor-vertical-align-middle elementor-widget elementor-widget-image-box\" data-id=\"e88e3bc\" data-element_type=\"widget\" data-e-type=\"widget\" data-widget_type=\"image-box.default\">\n\t\t\t\t<div class=\"elementor-widget-container\">\n\t\t\t\t\t<div class=\"elementor-image-box-wrapper\"><figure class=\"elementor-image-box-img\"><img loading=\"lazy\" decoding=\"async\" width=\"225\" height=\"225\" src=\"https:\/\/solycareafrique.com\/wp-content\/uploads\/2024\/03\/telechargement.png\" class=\"attachment-full size-full wp-image-2276\" alt=\"\" srcset=\"https:\/\/solycareafrique.com\/wp-content\/uploads\/2024\/03\/telechargement.png 225w, https:\/\/solycareafrique.com\/wp-content\/uploads\/2024\/03\/telechargement-150x150.png 150w\" sizes=\"(max-width: 225px) 100vw, 225px\" \/><\/figure><div class=\"elementor-image-box-content\"><h3 class=\"elementor-image-box-title\">COMMERCIAL<\/h3><p class=\"elementor-image-box-description\">en recrutement<\/p><\/div><\/div>\t\t\t\t<\/div>\n\t\t\t\t<\/div>\n\t\t\t\t<div class=\"elementor-element elementor-element-e74056a e-grid-align-right e-grid-align-mobile-center elementor-shape-rounded elementor-grid-0 elementor-widget elementor-widget-social-icons\" data-id=\"e74056a\" data-element_type=\"widget\" data-e-type=\"widget\" data-widget_type=\"social-icons.default\">\n\t\t\t\t<div class=\"elementor-widget-container\">\n\t\t\t\t\t\t\t<div class=\"elementor-social-icons-wrapper elementor-grid\" role=\"list\">\n\t\t\t\t\t\t\t<span class=\"elementor-grid-item\" role=\"listitem\">\n\t\t\t\t\t<a class=\"elementor-icon elementor-social-icon elementor-social-icon-facebook elementor-animation-grow elementor-repeater-item-8b93740\" target=\"_blank\">\n\t\t\t\t\t\t<span class=\"elementor-screen-only\">Facebook<\/span>\n\t\t\t\t\t\t\t\t\t\t\t\t\t<i class=\"fa fa-facebook\" aria-hidden=\"true\"><\/i>\n\t\t\t\t\t\t\t\t\t\t\t<\/a>\n\t\t\t\t<\/span>\n\t\t\t\t\t\t\t<span class=\"elementor-grid-item\" role=\"listitem\">\n\t\t\t\t\t<a class=\"elementor-icon elementor-social-icon elementor-social-icon-twitter elementor-animation-grow elementor-repeater-item-d2b7695\" target=\"_blank\">\n\t\t\t\t\t\t<span class=\"elementor-screen-only\">Twitter<\/span>\n\t\t\t\t\t\t\t\t\t\t\t\t\t<i class=\"fa fa-twitter\" aria-hidden=\"true\"><\/i>\n\t\t\t\t\t\t\t\t\t\t\t<\/a>\n\t\t\t\t<\/span>\n\t\t\t\t\t\t\t<span class=\"elementor-grid-item\" role=\"listitem\">\n\t\t\t\t\t<a class=\"elementor-icon elementor-social-icon elementor-social-icon-dribbble elementor-animation-grow elementor-repeater-item-0831677\" target=\"_blank\">\n\t\t\t\t\t\t<span class=\"elementor-screen-only\">Dribbble<\/span>\n\t\t\t\t\t\t\t\t\t\t\t\t\t<i class=\"fa fa-dribbble\" aria-hidden=\"true\"><\/i>\n\t\t\t\t\t\t\t\t\t\t\t<\/a>\n\t\t\t\t<\/span>\n\t\t\t\t\t\t\t<span class=\"elementor-grid-item\" role=\"listitem\">\n\t\t\t\t\t<a class=\"elementor-icon elementor-social-icon elementor-social-icon-behance elementor-animation-grow elementor-repeater-item-0ac3790\" target=\"_blank\">\n\t\t\t\t\t\t<span class=\"elementor-screen-only\">Behance<\/span>\n\t\t\t\t\t\t\t\t\t\t\t\t\t<i class=\"fa fa-behance\" aria-hidden=\"true\"><\/i>\n\t\t\t\t\t\t\t\t\t\t\t<\/a>\n\t\t\t\t<\/span>\n\t\t\t\t\t<\/div>\n\t\t\t\t\t\t<\/div>\n\t\t\t\t<\/div>\n\t\t\t\t\t<\/div>\n\t\t<\/div>\n\t\t\t\t\t<\/div>\n\t\t<\/section>\n\t\t\t\t<section class=\"elementor-section elementor-inner-section elementor-element elementor-element-b556955 elementor-section-boxed elementor-section-height-default elementor-section-height-default\" data-id=\"b556955\" data-element_type=\"section\" data-e-type=\"section\">\n\t\t\t\t\t\t<div class=\"elementor-container elementor-column-gap-default\">\n\t\t\t\t\t<div class=\"elementor-column elementor-col-50 elementor-inner-column elementor-element elementor-element-78db852\" data-id=\"78db852\" data-element_type=\"column\" data-e-type=\"column\">\n\t\t\t<div class=\"elementor-widget-wrap elementor-element-populated\">\n\t\t\t\t\t\t<div class=\"elementor-element elementor-element-9ea18e9 elementor-position-left elementor-vertical-align-middle elementor-widget elementor-widget-image-box\" data-id=\"9ea18e9\" data-element_type=\"widget\" data-e-type=\"widget\" data-widget_type=\"image-box.default\">\n\t\t\t\t<div class=\"elementor-widget-container\">\n\t\t\t\t\t<div class=\"elementor-image-box-wrapper\"><figure class=\"elementor-image-box-img\"><img loading=\"lazy\" decoding=\"async\" width=\"225\" height=\"225\" src=\"https:\/\/solycareafrique.com\/wp-content\/uploads\/2024\/03\/telechargement.png\" class=\"attachment-full size-full wp-image-2276\" alt=\"\" srcset=\"https:\/\/solycareafrique.com\/wp-content\/uploads\/2024\/03\/telechargement.png 225w, https:\/\/solycareafrique.com\/wp-content\/uploads\/2024\/03\/telechargement-150x150.png 150w\" sizes=\"(max-width: 225px) 100vw, 225px\" \/><\/figure><div class=\"elementor-image-box-content\"><h3 class=\"elementor-image-box-title\">ASSISTANT DE DIRECTION<\/h3><p class=\"elementor-image-box-description\">En recrutement<\/p><\/div><\/div>\t\t\t\t<\/div>\n\t\t\t\t<\/div>\n\t\t\t\t<div class=\"elementor-element elementor-element-b90d52c e-grid-align-right e-grid-align-mobile-center elementor-shape-rounded elementor-grid-0 elementor-widget elementor-widget-social-icons\" data-id=\"b90d52c\" data-element_type=\"widget\" data-e-type=\"widget\" data-widget_type=\"social-icons.default\">\n\t\t\t\t<div class=\"elementor-widget-container\">\n\t\t\t\t\t\t\t<div class=\"elementor-social-icons-wrapper elementor-grid\" role=\"list\">\n\t\t\t\t\t\t\t<span class=\"elementor-grid-item\" role=\"listitem\">\n\t\t\t\t\t<a class=\"elementor-icon elementor-social-icon elementor-social-icon-facebook elementor-animation-grow elementor-repeater-item-8b93740\" target=\"_blank\">\n\t\t\t\t\t\t<span class=\"elementor-screen-only\">Facebook<\/span>\n\t\t\t\t\t\t\t\t\t\t\t\t\t<i class=\"fa fa-facebook\" aria-hidden=\"true\"><\/i>\n\t\t\t\t\t\t\t\t\t\t\t<\/a>\n\t\t\t\t<\/span>\n\t\t\t\t\t\t\t<span class=\"elementor-grid-item\" role=\"listitem\">\n\t\t\t\t\t<a class=\"elementor-icon elementor-social-icon elementor-social-icon-twitter elementor-animation-grow elementor-repeater-item-d2b7695\" target=\"_blank\">\n\t\t\t\t\t\t<span class=\"elementor-screen-only\">Twitter<\/span>\n\t\t\t\t\t\t\t\t\t\t\t\t\t<i class=\"fa fa-twitter\" aria-hidden=\"true\"><\/i>\n\t\t\t\t\t\t\t\t\t\t\t<\/a>\n\t\t\t\t<\/span>\n\t\t\t\t\t\t\t<span class=\"elementor-grid-item\" role=\"listitem\">\n\t\t\t\t\t<a class=\"elementor-icon elementor-social-icon elementor-social-icon-dribbble elementor-animation-grow elementor-repeater-item-0831677\" target=\"_blank\">\n\t\t\t\t\t\t<span class=\"elementor-screen-only\">Dribbble<\/span>\n\t\t\t\t\t\t\t\t\t\t\t\t\t<i class=\"fa fa-dribbble\" aria-hidden=\"true\"><\/i>\n\t\t\t\t\t\t\t\t\t\t\t<\/a>\n\t\t\t\t<\/span>\n\t\t\t\t\t\t\t<span class=\"elementor-grid-item\" role=\"listitem\">\n\t\t\t\t\t<a class=\"elementor-icon elementor-social-icon elementor-social-icon-behance elementor-animation-grow elementor-repeater-item-0ac3790\" target=\"_blank\">\n\t\t\t\t\t\t<span class=\"elementor-screen-only\">Behance<\/span>\n\t\t\t\t\t\t\t\t\t\t\t\t\t<i class=\"fa fa-behance\" aria-hidden=\"true\"><\/i>\n\t\t\t\t\t\t\t\t\t\t\t<\/a>\n\t\t\t\t<\/span>\n\t\t\t\t\t<\/div>\n\t\t\t\t\t\t<\/div>\n\t\t\t\t<\/div>\n\t\t\t\t\t<\/div>\n\t\t<\/div>\n\t\t\t\t<div class=\"elementor-column elementor-col-50 elementor-inner-column elementor-element elementor-element-19d13df\" data-id=\"19d13df\" data-element_type=\"column\" data-e-type=\"column\">\n\t\t\t<div class=\"elementor-widget-wrap elementor-element-populated\">\n\t\t\t\t\t\t<div class=\"elementor-element elementor-element-5b2949f elementor-position-left elementor-vertical-align-middle elementor-widget__width-initial elementor-widget elementor-widget-image-box\" data-id=\"5b2949f\" data-element_type=\"widget\" data-e-type=\"widget\" data-widget_type=\"image-box.default\">\n\t\t\t\t<div class=\"elementor-widget-container\">\n\t\t\t\t\t<div class=\"elementor-image-box-wrapper\"><figure class=\"elementor-image-box-img\"><img loading=\"lazy\" decoding=\"async\" width=\"400\" height=\"400\" src=\"https:\/\/solycareafrique.com\/wp-content\/uploads\/2024\/01\/Management-Team-892x446-1-400x400.jpg\" class=\"attachment-hp_square_small size-hp_square_small wp-image-1755\" alt=\"\" srcset=\"https:\/\/solycareafrique.com\/wp-content\/uploads\/2024\/01\/Management-Team-892x446-1-400x400.jpg 400w, https:\/\/solycareafrique.com\/wp-content\/uploads\/2024\/01\/Management-Team-892x446-1-150x150.jpg 150w, https:\/\/solycareafrique.com\/wp-content\/uploads\/2024\/01\/Management-Team-892x446-1-300x300.jpg 300w\" sizes=\"(max-width: 400px) 100vw, 400px\" \/><\/figure><\/div>\t\t\t\t<\/div>\n\t\t\t\t<\/div>\n\t\t\t\t<div class=\"elementor-element elementor-element-b5e2ade elementor-widget elementor-widget-text-editor\" data-id=\"b5e2ade\" data-element_type=\"widget\" data-e-type=\"widget\" data-widget_type=\"text-editor.default\">\n\t\t\t\t<div class=\"elementor-widget-container\">\n\t\t\t\t\t\t\t\t\t<h3>\u00a0<\/h3><h3>&#8220;Il faut \u00eatre enthousiaste dans son m\u00e9tier pour y exceller.&#8221;<\/h3>\t\t\t\t\t\t\t\t<\/div>\n\t\t\t\t<\/div>\n\t\t\t\t\t<\/div>\n\t\t<\/div>\n\t\t\t\t\t<\/div>\n\t\t<\/section>\n\t\t\t\t\t<\/div>\n\t\t<\/div>\n\t\t\t\t\t<\/div>\n\t\t<\/section>\n\t\t\t\t<\/div>\n\t\t","protected":false},"excerpt":{"rendered":"<p>Notre \u00e9quipe Laure NZHIOU Pr\u00e9sidente fondatrice Chef d\u2019entreprise passionn\u00e9e par l\u2019innovation et la cr\u00e9ation de valeur. 7 ans d\u2019exp\u00e9rience dans la gestion d\u2019\u00e9quipes et la r\u00e9alisation d\u2019objectifs ambitieux . Expert en n\u00e9gociation, en d\u00e9veloppement de nouveaux march\u00e9s et en relation clients. Dr Arnaud MEKEME Directeur Technique Docteur en Pharmacie, expert&hellip;<\/p>\n","protected":false},"author":3,"featured_media":0,"parent":0,"menu_order":0,"comment_status":"closed","ping_status":"closed","template":"","meta":{"footnotes":""},"class_list":["post-1518","page","type-page","status-publish","hentry"],"_links":{"self":[{"href":"https:\/\/solycareafrique.com\/index.php\/wp-json\/wp\/v2\/pages\/1518","targetHints":{"allow":["GET"]}}],"collection":[{"href":"https:\/\/solycareafrique.com\/index.php\/wp-json\/wp\/v2\/pages"}],"about":[{"href":"https:\/\/solycareafrique.com\/index.php\/wp-json\/wp\/v2\/types\/page"}],"author":[{"embeddable":true,"href":"https:\/\/solycareafrique.com\/index.php\/wp-json\/wp\/v2\/users\/3"}],"replies":[{"embeddable":true,"href":"https:\/\/solycareafrique.com\/index.php\/wp-json\/wp\/v2\/comments?post=1518"}],"version-history":[{"count":164,"href":"https:\/\/solycareafrique.com\/index.php\/wp-json\/wp\/v2\/pages\/1518\/revisions"}],"predecessor-version":[{"id":2325,"href":"https:\/\/solycareafrique.com\/index.php\/wp-json\/wp\/v2\/pages\/1518\/revisions\/2325"}],"wp:attachment":[{"href":"https:\/\/solycareafrique.com\/index.php\/wp-json\/wp\/v2\/media?parent=1518"}],"curies":[{"name":"wp","href":"https:\/\/api.w.org\/{rel}","templated":true}]}}