{"id":504,"date":"2023-11-26T19:58:21","date_gmt":"2023-11-26T18:58:21","guid":{"rendered":"https:\/\/solycareafrique.com\/?page_id=504"},"modified":"2024-01-10T15:25:14","modified_gmt":"2024-01-10T14:25:14","slug":"consulting","status":"publish","type":"page","link":"https:\/\/solycareafrique.com\/index.php\/consulting\/","title":{"rendered":"CONSULTING"},"content":{"rendered":"\t\t<div data-elementor-type=\"wp-page\" data-elementor-id=\"504\" class=\"elementor elementor-504\">\n\t\t\t\t\t\t<section class=\"elementor-section elementor-top-section elementor-element elementor-element-44d9886b elementor-section-content-middle elementor-section-boxed elementor-section-height-default elementor-section-height-default\" data-id=\"44d9886b\" data-element_type=\"section\" data-e-type=\"section\">\n\t\t\t\t\t\t<div class=\"elementor-container elementor-column-gap-no\">\n\t\t\t\t\t<div class=\"elementor-column elementor-col-50 elementor-top-column elementor-element elementor-element-4e0aaa62\" data-id=\"4e0aaa62\" data-element_type=\"column\" data-e-type=\"column\">\n\t\t\t<div class=\"elementor-widget-wrap elementor-element-populated\">\n\t\t\t\t\t\t<div class=\"elementor-element elementor-element-25697160 elementor-widget elementor-widget-image\" data-id=\"25697160\" data-element_type=\"widget\" data-e-type=\"widget\" data-widget_type=\"image.default\">\n\t\t\t\t<div class=\"elementor-widget-container\">\n\t\t\t\t\t\t\t\t\t\t\t\t\t\t\t<img fetchpriority=\"high\" decoding=\"async\" width=\"940\" height=\"788\" src=\"https:\/\/solycareafrique.com\/wp-content\/uploads\/2024\/01\/Green-Modern-Professional-Website-Creation-Services-Facebook-Post-1.jpg\" class=\"attachment-full size-full wp-image-1720\" alt=\"\" srcset=\"https:\/\/solycareafrique.com\/wp-content\/uploads\/2024\/01\/Green-Modern-Professional-Website-Creation-Services-Facebook-Post-1.jpg 940w, https:\/\/solycareafrique.com\/wp-content\/uploads\/2024\/01\/Green-Modern-Professional-Website-Creation-Services-Facebook-Post-1-300x251.jpg 300w, https:\/\/solycareafrique.com\/wp-content\/uploads\/2024\/01\/Green-Modern-Professional-Website-Creation-Services-Facebook-Post-1-768x644.jpg 768w\" sizes=\"(max-width: 940px) 100vw, 940px\" \/>\t\t\t\t\t\t\t\t\t\t\t\t\t\t\t<\/div>\n\t\t\t\t<\/div>\n\t\t\t\t\t<\/div>\n\t\t<\/div>\n\t\t\t\t<div class=\"elementor-column elementor-col-50 elementor-top-column elementor-element elementor-element-16782a98\" data-id=\"16782a98\" data-element_type=\"column\" data-e-type=\"column\">\n\t\t\t<div class=\"elementor-widget-wrap elementor-element-populated\">\n\t\t\t\t\t\t<div class=\"elementor-element elementor-element-3a40384b elementor-widget elementor-widget-heading\" data-id=\"3a40384b\" data-element_type=\"widget\" data-e-type=\"widget\" data-widget_type=\"heading.default\">\n\t\t\t\t<div class=\"elementor-widget-container\">\n\t\t\t\t\t<h4 class=\"elementor-heading-title elementor-size-default\">Consulting<\/h4>\t\t\t\t<\/div>\n\t\t\t\t<\/div>\n\t\t\t\t<div class=\"elementor-element elementor-element-769b71c7 elementor-widget elementor-widget-text-editor\" data-id=\"769b71c7\" data-element_type=\"widget\" data-e-type=\"widget\" data-widget_type=\"text-editor.default\">\n\t\t\t\t<div class=\"elementor-widget-container\">\n\t\t\t\t\t\t\t\t\t<p>Face \u00e0 une politique de sant\u00e9 qui change, beaucoup d\u2019\u00e9tablissements se retrouvent \u00ab sous pression \u00bb.<\/p>\n<p>En collaboration avec notre partenaire, nous organisons des audits pour r\u00e9pondre aux probl\u00e9matiques organisationnelles, financi\u00e8res des \u00e9tablissements de soins et de structures m\u00e9dicales (Radiologiques ou tout autre sp\u00e9cialit\u00e9).<\/p>\n<p>SOLYCARE AFRIQUE vous apporte un diagnostic et vous propose des pr\u00e9conisations et des plans d\u2019actions pertinents en r\u00e9ponse \u00e0 vos probl\u00e8mes.<\/p>\n<p>Nous vous accompagnons dans la conduite du changement au travers de la mise \u00e0 disposition d\u2019outils et d\u2019un accompagnement dans la mise en \u0153uvre de solutions de pr\u00e9conisations:<\/p>\n<ul>\n<li>Outils de pilotage d\u2019activit\u00e9<\/li>\n<li>Gestion de parc de Maintenance<\/li>\n<li>Sessions de formation multiples par th\u00e8mes ou par sp\u00e9cialit\u00e9s.<\/li>\n<\/ul>\t\t\t\t\t\t\t\t<\/div>\n\t\t\t\t<\/div>\n\t\t\t\t\t<\/div>\n\t\t<\/div>\n\t\t\t\t\t<\/div>\n\t\t<\/section>\n\t\t\t\t<\/div>\n\t\t","protected":false},"excerpt":{"rendered":"<p>Consulting Face \u00e0 une politique de sant\u00e9 qui change, beaucoup d\u2019\u00e9tablissements se retrouvent \u00ab sous pression \u00bb. En collaboration avec notre partenaire, nous organisons des audits pour r\u00e9pondre aux probl\u00e9matiques organisationnelles, financi\u00e8res des \u00e9tablissements de soins et de structures m\u00e9dicales (Radiologiques ou tout autre sp\u00e9cialit\u00e9). SOLYCARE AFRIQUE vous apporte un&hellip;<\/p>\n","protected":false},"author":3,"featured_media":0,"parent":0,"menu_order":0,"comment_status":"closed","ping_status":"closed","template":"","meta":{"footnotes":""},"class_list":["post-504","page","type-page","status-publish","hentry"],"_links":{"self":[{"href":"https:\/\/solycareafrique.com\/index.php\/wp-json\/wp\/v2\/pages\/504","targetHints":{"allow":["GET"]}}],"collection":[{"href":"https:\/\/solycareafrique.com\/index.php\/wp-json\/wp\/v2\/pages"}],"about":[{"href":"https:\/\/solycareafrique.com\/index.php\/wp-json\/wp\/v2\/types\/page"}],"author":[{"embeddable":true,"href":"https:\/\/solycareafrique.com\/index.php\/wp-json\/wp\/v2\/users\/3"}],"replies":[{"embeddable":true,"href":"https:\/\/solycareafrique.com\/index.php\/wp-json\/wp\/v2\/comments?post=504"}],"version-history":[{"count":17,"href":"https:\/\/solycareafrique.com\/index.php\/wp-json\/wp\/v2\/pages\/504\/revisions"}],"predecessor-version":[{"id":1723,"href":"https:\/\/solycareafrique.com\/index.php\/wp-json\/wp\/v2\/pages\/504\/revisions\/1723"}],"wp:attachment":[{"href":"https:\/\/solycareafrique.com\/index.php\/wp-json\/wp\/v2\/media?parent=504"}],"curies":[{"name":"wp","href":"https:\/\/api.w.org\/{rel}","templated":true}]}}