{"id":517,"date":"2023-11-26T20:26:46","date_gmt":"2023-11-26T19:26:46","guid":{"rendered":"https:\/\/solycareafrique.com\/?page_id=517"},"modified":"2023-11-26T21:11:00","modified_gmt":"2023-11-26T20:11:00","slug":"hopital-de-district-de-djoungolo","status":"publish","type":"page","link":"https:\/\/solycareafrique.com\/index.php\/hopital-de-district-de-djoungolo\/","title":{"rendered":"H\u00f4pital de District de NTUI"},"content":{"rendered":"\t\t<div data-elementor-type=\"wp-page\" data-elementor-id=\"517\" class=\"elementor elementor-517\">\n\t\t\t\t\t\t<section class=\"elementor-section elementor-top-section elementor-element elementor-element-43fc9c5 elementor-section-boxed elementor-section-height-default elementor-section-height-default\" data-id=\"43fc9c5\" data-element_type=\"section\" data-e-type=\"section\">\n\t\t\t\t\t\t<div class=\"elementor-container elementor-column-gap-default\">\n\t\t\t\t\t<div class=\"elementor-column elementor-col-100 elementor-top-column elementor-element elementor-element-673021d\" data-id=\"673021d\" data-element_type=\"column\" data-e-type=\"column\">\n\t\t\t<div class=\"elementor-widget-wrap elementor-element-populated\">\n\t\t\t\t\t\t<div class=\"elementor-element elementor-element-b5af20c elementor-widget elementor-widget-testimonial\" data-id=\"b5af20c\" data-element_type=\"widget\" data-e-type=\"widget\" data-widget_type=\"testimonial.default\">\n\t\t\t\t<div class=\"elementor-widget-container\">\n\t\t\t\t\t\t\t<div class=\"elementor-testimonial-wrapper\">\n\t\t\t\t\t\t\t<div class=\"elementor-testimonial-content\">\"De l'achat jusqu'\u00e0 la livraison et le suivi, Solycare Afrique a d\u00e9pass\u00e9 toutes nos attentes.\"                                                                 \n<\/div>\n\t\t\t\n\t\t\t\t\t<\/div>\n\t\t\t\t\t\t<\/div>\n\t\t\t\t<\/div>\n\t\t\t\t\t<\/div>\n\t\t<\/div>\n\t\t\t\t\t<\/div>\n\t\t<\/section>\n\t\t\t\t<section class=\"elementor-section elementor-top-section elementor-element elementor-element-561b568 elementor-section-boxed elementor-section-height-default elementor-section-height-default\" data-id=\"561b568\" data-element_type=\"section\" data-e-type=\"section\">\n\t\t\t\t\t\t<div class=\"elementor-container elementor-column-gap-default\">\n\t\t\t\t\t<div class=\"elementor-column elementor-col-50 elementor-top-column elementor-element elementor-element-e467088\" data-id=\"e467088\" data-element_type=\"column\" data-e-type=\"column\">\n\t\t\t<div class=\"elementor-widget-wrap elementor-element-populated\">\n\t\t\t\t\t\t<div class=\"elementor-element elementor-element-6f50228 elementor-widget elementor-widget-image\" data-id=\"6f50228\" data-element_type=\"widget\" data-e-type=\"widget\" data-widget_type=\"image.default\">\n\t\t\t\t<div class=\"elementor-widget-container\">\n\t\t\t\t\t\t\t\t\t\t\t\t\t\t\t<img fetchpriority=\"high\" decoding=\"async\" width=\"510\" height=\"490\" src=\"https:\/\/solycareafrique.com\/wp-content\/uploads\/2023\/11\/image.png\" class=\"attachment-large size-large wp-image-521\" alt=\"\" srcset=\"https:\/\/solycareafrique.com\/wp-content\/uploads\/2023\/11\/image.png 510w, https:\/\/solycareafrique.com\/wp-content\/uploads\/2023\/11\/image-300x288.png 300w\" sizes=\"(max-width: 510px) 100vw, 510px\" \/>\t\t\t\t\t\t\t\t\t\t\t\t\t\t\t<\/div>\n\t\t\t\t<\/div>\n\t\t\t\t\t<\/div>\n\t\t<\/div>\n\t\t\t\t<div class=\"elementor-column elementor-col-50 elementor-top-column elementor-element elementor-element-50d74d2\" data-id=\"50d74d2\" data-element_type=\"column\" data-e-type=\"column\">\n\t\t\t<div class=\"elementor-widget-wrap elementor-element-populated\">\n\t\t\t\t\t\t<div class=\"elementor-element elementor-element-775a803 elementor-widget__width-initial elementor-widget elementor-widget-text-editor\" data-id=\"775a803\" data-element_type=\"widget\" data-e-type=\"widget\" data-widget_type=\"text-editor.default\">\n\t\t\t\t<div class=\"elementor-widget-container\">\n\t\t\t\t\t\t\t\t\t<p><span style=\"color: #202124; font-family: Google Sans, arial, sans-serif;\"><span style=\"font-size: 20px;\">En tant que responsable de l&#8217;h\u00f4pital de district de NTUI, j&#8217;ai eu le plaisir de travailler avec Solycare Afrique. Je ne saurais trop recommander leur \u00e9quipe et leur engagement \u00e0 fournir des \u00e9quipements m\u00e9dicaux de qualit\u00e9 sup\u00e9rieure. De l&#8217;achat jusqu&#8217;\u00e0 la livraison et le suivi, Solycare Afrique a d\u00e9pass\u00e9 toutes nos attentes \u00e0 chaque \u00e9tape.<\/span><\/span><\/p>\n<p><span style=\"font-size: 20px; color: #202124; font-family: 'Google Sans', arial, sans-serif; font-weight: var( --e-global-typography-text-font-weight );\">Leur service client est exceptionnel, avec un personnel comp\u00e9tent toujours disponible pour r\u00e9pondre aux questions et fournir des conseils. Ils ont tout mis en \u0153uvre pour que notre h\u00f4pital dispose de la technologie et des \u00e9quipements les plus r\u00e9cents, ce qui a consid\u00e9rablement am\u00e9lior\u00e9 les r\u00e9sultats pour les patients. Solycare Afrique est vraiment devenu un partenaire de confiance dans notre mission de fournir les meilleurs soins possible \u00e0 nos patients.<\/span><\/p>\n<p><span style=\"font-size: 20px; color: #202124; font-family: 'Google Sans', arial, sans-serif; font-weight: var( --e-global-typography-text-font-weight );\">Dans l&#8217;ensemble, notre exp\u00e9rience avec Solycare Afrique a \u00e9t\u00e9 exceptionnelle, et nous sommes impatients de continuer notre collaboration avec eux pendant de nombreuses ann\u00e9es. Si vous \u00eates un h\u00f4pital ou une installation de sant\u00e9 \u00e0 la recherche d&#8217;un fournisseur d&#8217;\u00e9quipements m\u00e9dicaux fiable et digne de confiance, je recommande vivement Solycare Afrique.<\/span><\/p>\t\t\t\t\t\t\t\t<\/div>\n\t\t\t\t<\/div>\n\t\t\t\t\t<\/div>\n\t\t<\/div>\n\t\t\t\t\t<\/div>\n\t\t<\/section>\n\t\t\t\t<\/div>\n\t\t","protected":false},"excerpt":{"rendered":"<p>&#8220;De l&#8217;achat jusqu&#8217;\u00e0 la livraison et le suivi, Solycare Afrique a d\u00e9pass\u00e9 toutes nos attentes.&#8221; En tant que responsable de l&#8217;h\u00f4pital de district de NTUI, j&#8217;ai eu le plaisir de travailler avec Solycare Afrique. Je ne saurais trop recommander leur \u00e9quipe et leur engagement \u00e0 fournir des \u00e9quipements m\u00e9dicaux de&hellip;<\/p>\n","protected":false},"author":1,"featured_media":521,"parent":0,"menu_order":0,"comment_status":"closed","ping_status":"closed","template":"","meta":{"footnotes":""},"class_list":["post-517","page","type-page","status-publish","has-post-thumbnail","hentry"],"_links":{"self":[{"href":"https:\/\/solycareafrique.com\/index.php\/wp-json\/wp\/v2\/pages\/517","targetHints":{"allow":["GET"]}}],"collection":[{"href":"https:\/\/solycareafrique.com\/index.php\/wp-json\/wp\/v2\/pages"}],"about":[{"href":"https:\/\/solycareafrique.com\/index.php\/wp-json\/wp\/v2\/types\/page"}],"author":[{"embeddable":true,"href":"https:\/\/solycareafrique.com\/index.php\/wp-json\/wp\/v2\/users\/1"}],"replies":[{"embeddable":true,"href":"https:\/\/solycareafrique.com\/index.php\/wp-json\/wp\/v2\/comments?post=517"}],"version-history":[{"count":47,"href":"https:\/\/solycareafrique.com\/index.php\/wp-json\/wp\/v2\/pages\/517\/revisions"}],"predecessor-version":[{"id":585,"href":"https:\/\/solycareafrique.com\/index.php\/wp-json\/wp\/v2\/pages\/517\/revisions\/585"}],"wp:featuredmedia":[{"embeddable":true,"href":"https:\/\/solycareafrique.com\/index.php\/wp-json\/wp\/v2\/media\/521"}],"wp:attachment":[{"href":"https:\/\/solycareafrique.com\/index.php\/wp-json\/wp\/v2\/media?parent=517"}],"curies":[{"name":"wp","href":"https:\/\/api.w.org\/{rel}","templated":true}]}}