{"id":592,"date":"2023-11-26T21:19:44","date_gmt":"2023-11-26T20:19:44","guid":{"rendered":"https:\/\/solycareafrique.com\/?page_id=592"},"modified":"2023-11-26T21:22:03","modified_gmt":"2023-11-26T20:22:03","slug":"cury","status":"publish","type":"page","link":"https:\/\/solycareafrique.com\/index.php\/cury\/","title":{"rendered":"CURY"},"content":{"rendered":"\t\t<div data-elementor-type=\"wp-page\" data-elementor-id=\"592\" class=\"elementor elementor-592\">\n\t\t\t\t\t\t<section class=\"elementor-section elementor-top-section elementor-element elementor-element-2bf12d1 elementor-section-boxed elementor-section-height-default elementor-section-height-default\" data-id=\"2bf12d1\" data-element_type=\"section\" data-e-type=\"section\">\n\t\t\t\t\t\t<div class=\"elementor-container elementor-column-gap-default\">\n\t\t\t\t\t<div class=\"elementor-column elementor-col-100 elementor-top-column elementor-element elementor-element-7b90cfb\" data-id=\"7b90cfb\" data-element_type=\"column\" data-e-type=\"column\">\n\t\t\t<div class=\"elementor-widget-wrap elementor-element-populated\">\n\t\t\t\t\t\t<div class=\"elementor-element elementor-element-46aacc3 elementor-widget elementor-widget-testimonial\" data-id=\"46aacc3\" data-element_type=\"widget\" data-e-type=\"widget\" data-widget_type=\"testimonial.default\">\n\t\t\t\t<div class=\"elementor-widget-container\">\n\t\t\t\t\t\t\t<div class=\"elementor-testimonial-wrapper\">\n\t\t\t\t\t\t\t<div class=\"elementor-testimonial-content\">\"J'ai toujours re\u00e7u mes commandes en temps opportun, ce qui est crucial dans un environnement m\u00e9dical rapide.\"<\/div>\n\t\t\t\n\t\t\t\t\t\t<div class=\"elementor-testimonial-meta\">\n\t\t\t\t<div class=\"elementor-testimonial-meta-inner\">\n\t\t\t\t\t\n\t\t\t\t\t\t\t\t\t\t<div class=\"elementor-testimonial-details\">\n\t\t\t\t\t\t\t\t\t\t\t\t\t\t<div class=\"elementor-testimonial-name\">Le pharmacien du CURY<\/div>\n\t\t\t\t\t\t\t\t\t\t\t\t\t\t\t\t\t\t\t\t\t\t<div class=\"elementor-testimonial-job\">Centre des Urgences de Yaound\u00e9<\/div>\n\t\t\t\t\t\t\t\t\t\t\t\t\t<\/div>\n\t\t\t\t\t\t\t\t\t<\/div>\n\t\t\t<\/div>\n\t\t\t\t\t<\/div>\n\t\t\t\t\t\t<\/div>\n\t\t\t\t<\/div>\n\t\t\t\t\t<\/div>\n\t\t<\/div>\n\t\t\t\t\t<\/div>\n\t\t<\/section>\n\t\t\t\t<section class=\"elementor-section elementor-top-section elementor-element elementor-element-af41875 elementor-section-boxed elementor-section-height-default elementor-section-height-default\" data-id=\"af41875\" data-element_type=\"section\" data-e-type=\"section\">\n\t\t\t\t\t\t<div class=\"elementor-container elementor-column-gap-default\">\n\t\t\t\t\t<div class=\"elementor-column elementor-col-50 elementor-top-column elementor-element elementor-element-cb60698\" data-id=\"cb60698\" data-element_type=\"column\" data-e-type=\"column\">\n\t\t\t<div class=\"elementor-widget-wrap elementor-element-populated\">\n\t\t\t\t\t\t<div class=\"elementor-element elementor-element-cce41d0 elementor-widget elementor-widget-image\" data-id=\"cce41d0\" data-element_type=\"widget\" data-e-type=\"widget\" data-widget_type=\"image.default\">\n\t\t\t\t<div class=\"elementor-widget-container\">\n\t\t\t\t\t\t\t\t\t\t\t\t\t\t\t<img fetchpriority=\"high\" decoding=\"async\" width=\"631\" height=\"624\" src=\"https:\/\/solycareafrique.com\/wp-content\/uploads\/2023\/11\/centre-des-urgences-de-yaounde.png\" class=\"attachment-large size-large wp-image-594\" alt=\"\" srcset=\"https:\/\/solycareafrique.com\/wp-content\/uploads\/2023\/11\/centre-des-urgences-de-yaounde.png 631w, https:\/\/solycareafrique.com\/wp-content\/uploads\/2023\/11\/centre-des-urgences-de-yaounde-300x297.png 300w\" sizes=\"(max-width: 631px) 100vw, 631px\" \/>\t\t\t\t\t\t\t\t\t\t\t\t\t\t\t<\/div>\n\t\t\t\t<\/div>\n\t\t\t\t\t<\/div>\n\t\t<\/div>\n\t\t\t\t<div class=\"elementor-column elementor-col-50 elementor-top-column elementor-element elementor-element-a72a054\" data-id=\"a72a054\" data-element_type=\"column\" data-e-type=\"column\">\n\t\t\t<div class=\"elementor-widget-wrap elementor-element-populated\">\n\t\t\t\t\t\t<div class=\"elementor-element elementor-element-6eaa9e9 elementor-widget elementor-widget-text-editor\" data-id=\"6eaa9e9\" data-element_type=\"widget\" data-e-type=\"widget\" data-widget_type=\"text-editor.default\">\n\t\t\t\t<div class=\"elementor-widget-container\">\n\t\t\t\t\t\t\t\t\t<p>Je recommande fortement Solycare Afrique en tant que fournisseur de fournitures m\u00e9dicales. En tant que m\u00e9decin, j&#8217;ach\u00e8te chez eux depuis des ann\u00e9es et j&#8217;ai toujours \u00e9t\u00e9 impressionn\u00e9 par la qualit\u00e9 de leurs produits et leur service client. Leur \u00e9quipe est comp\u00e9tente et toujours pr\u00eate \u00e0 aller au-del\u00e0 pour aider avec toute question ou pr\u00e9occupation.<\/p><p>De plus, Solycare Afrique propose des prix comp\u00e9titifs sans compromettre la qualit\u00e9 de leurs fournitures. J&#8217;appr\u00e9cie particuli\u00e8rement qu&#8217;ils offrent une large gamme de produits, des fournitures m\u00e9dicales de base aux articles sp\u00e9cialis\u00e9s. J&#8217;ai toujours re\u00e7u mes commandes en temps opportun, ce qui est crucial dans un environnement m\u00e9dical rapide.<\/p><p>Dans l&#8217;ensemble, je suis extr\u00eamement satisfait de Solycare Afrique en tant que fournisseur et continuerai de les recommander \u00e0 mes coll\u00e8gues dans le domaine m\u00e9dical.<\/p>\t\t\t\t\t\t\t\t<\/div>\n\t\t\t\t<\/div>\n\t\t\t\t\t<\/div>\n\t\t<\/div>\n\t\t\t\t\t<\/div>\n\t\t<\/section>\n\t\t\t\t<\/div>\n\t\t","protected":false},"excerpt":{"rendered":"<p>&#8220;J&#8217;ai toujours re\u00e7u mes commandes en temps opportun, ce qui est crucial dans un environnement m\u00e9dical rapide.&#8221; Le pharmacien du CURY Centre des Urgences de Yaound\u00e9 Je recommande fortement Solycare Afrique en tant que fournisseur de fournitures m\u00e9dicales. En tant que m\u00e9decin, j&#8217;ach\u00e8te chez eux depuis des ann\u00e9es et j&#8217;ai&hellip;<\/p>\n","protected":false},"author":3,"featured_media":594,"parent":0,"menu_order":0,"comment_status":"closed","ping_status":"closed","template":"","meta":{"footnotes":""},"class_list":["post-592","page","type-page","status-publish","has-post-thumbnail","hentry"],"_links":{"self":[{"href":"https:\/\/solycareafrique.com\/index.php\/wp-json\/wp\/v2\/pages\/592","targetHints":{"allow":["GET"]}}],"collection":[{"href":"https:\/\/solycareafrique.com\/index.php\/wp-json\/wp\/v2\/pages"}],"about":[{"href":"https:\/\/solycareafrique.com\/index.php\/wp-json\/wp\/v2\/types\/page"}],"author":[{"embeddable":true,"href":"https:\/\/solycareafrique.com\/index.php\/wp-json\/wp\/v2\/users\/3"}],"replies":[{"embeddable":true,"href":"https:\/\/solycareafrique.com\/index.php\/wp-json\/wp\/v2\/comments?post=592"}],"version-history":[{"count":7,"href":"https:\/\/solycareafrique.com\/index.php\/wp-json\/wp\/v2\/pages\/592\/revisions"}],"predecessor-version":[{"id":601,"href":"https:\/\/solycareafrique.com\/index.php\/wp-json\/wp\/v2\/pages\/592\/revisions\/601"}],"wp:featuredmedia":[{"embeddable":true,"href":"https:\/\/solycareafrique.com\/index.php\/wp-json\/wp\/v2\/media\/594"}],"wp:attachment":[{"href":"https:\/\/solycareafrique.com\/index.php\/wp-json\/wp\/v2\/media?parent=592"}],"curies":[{"name":"wp","href":"https:\/\/api.w.org\/{rel}","templated":true}]}}