{"id":603,"date":"2023-11-26T21:31:58","date_gmt":"2023-11-26T20:31:58","guid":{"rendered":"https:\/\/solycareafrique.com\/?page_id=603"},"modified":"2023-12-27T22:41:52","modified_gmt":"2023-12-27T21:41:52","slug":"hopital-de-mbandjock","status":"publish","type":"page","link":"https:\/\/solycareafrique.com\/index.php\/hopital-de-mbandjock\/","title":{"rendered":"H\u00f4pital de Mbandjock"},"content":{"rendered":"\t\t<div data-elementor-type=\"wp-page\" data-elementor-id=\"603\" class=\"elementor elementor-603\">\n\t\t\t\t\t\t<section class=\"elementor-section elementor-top-section elementor-element elementor-element-7048bcb elementor-section-boxed elementor-section-height-default elementor-section-height-default\" data-id=\"7048bcb\" data-element_type=\"section\" data-e-type=\"section\">\n\t\t\t\t\t\t<div class=\"elementor-container elementor-column-gap-default\">\n\t\t\t\t\t<div class=\"elementor-column elementor-col-100 elementor-top-column elementor-element elementor-element-70db1ea\" data-id=\"70db1ea\" data-element_type=\"column\" data-e-type=\"column\">\n\t\t\t<div class=\"elementor-widget-wrap elementor-element-populated\">\n\t\t\t\t\t\t<div class=\"elementor-element elementor-element-226b2f5 elementor-widget elementor-widget-testimonial\" data-id=\"226b2f5\" data-element_type=\"widget\" data-e-type=\"widget\" data-widget_type=\"testimonial.default\">\n\t\t\t\t<div class=\"elementor-widget-container\">\n\t\t\t\t\t\t\t<div class=\"elementor-testimonial-wrapper\">\n\t\t\t\t\t\t\t<div class=\"elementor-testimonial-content\">\"Leurs produits sont fiables et durables avec un excellent service apr\u00e8s-vente.<\/div>\n\t\t\t\n\t\t\t\t\t\t<div class=\"elementor-testimonial-meta\">\n\t\t\t\t<div class=\"elementor-testimonial-meta-inner\">\n\t\t\t\t\t\n\t\t\t\t\t\t\t\t\t\t<div class=\"elementor-testimonial-details\">\n\t\t\t\t\t\t\t\t\t\t\t\t\t\t<div class=\"elementor-testimonial-name\">M\u00e9decin<\/div>\n\t\t\t\t\t\t\t\t\t\t\t\t\t\t\t\t\t\t\t<\/div>\n\t\t\t\t\t\t\t\t\t<\/div>\n\t\t\t<\/div>\n\t\t\t\t\t<\/div>\n\t\t\t\t\t\t<\/div>\n\t\t\t\t<\/div>\n\t\t\t\t\t<\/div>\n\t\t<\/div>\n\t\t\t\t\t<\/div>\n\t\t<\/section>\n\t\t\t\t<section class=\"elementor-section elementor-top-section elementor-element elementor-element-e9fbcb8 elementor-section-boxed elementor-section-height-default elementor-section-height-default\" data-id=\"e9fbcb8\" data-element_type=\"section\" data-e-type=\"section\">\n\t\t\t\t\t\t<div class=\"elementor-container elementor-column-gap-default\">\n\t\t\t\t\t<div class=\"elementor-column elementor-col-50 elementor-top-column elementor-element elementor-element-13f4779\" data-id=\"13f4779\" data-element_type=\"column\" data-e-type=\"column\">\n\t\t\t<div class=\"elementor-widget-wrap elementor-element-populated\">\n\t\t\t\t\t\t<div class=\"elementor-element elementor-element-60d9a7e elementor-widget elementor-widget-image\" data-id=\"60d9a7e\" data-element_type=\"widget\" data-e-type=\"widget\" data-widget_type=\"image.default\">\n\t\t\t\t<div class=\"elementor-widget-container\">\n\t\t\t\t\t\t\t\t\t\t\t\t\t\t\t<img fetchpriority=\"high\" decoding=\"async\" width=\"268\" height=\"253\" src=\"https:\/\/solycareafrique.com\/wp-content\/uploads\/2023\/11\/logo-hopital.png\" class=\"attachment-large size-large wp-image-609\" alt=\"\" \/>\t\t\t\t\t\t\t\t\t\t\t\t\t\t\t<\/div>\n\t\t\t\t<\/div>\n\t\t\t\t\t<\/div>\n\t\t<\/div>\n\t\t\t\t<div class=\"elementor-column elementor-col-50 elementor-top-column elementor-element elementor-element-5f12a14\" data-id=\"5f12a14\" data-element_type=\"column\" data-e-type=\"column\">\n\t\t\t<div class=\"elementor-widget-wrap elementor-element-populated\">\n\t\t\t\t\t\t<div class=\"elementor-element elementor-element-bf2f6b3 elementor-widget elementor-widget-text-editor\" data-id=\"bf2f6b3\" data-element_type=\"widget\" data-e-type=\"widget\" data-widget_type=\"text-editor.default\">\n\t\t\t\t<div class=\"elementor-widget-container\">\n\t\t\t\t\t\t\t\t\t<p>Je recommande fortement Solycare Afrique pour leur gamme compl\u00e8te de solutions innovantes et \u00e0 des prix comp\u00e9titifs. Leurs produits sont fiables et durables avec un excellent service apr\u00e8s-vente.<\/p>\n<p>L&#8217;\u00e9quipe de service client est toujours attentive \u00e0 nos besoins et assure notre satisfaction en ce qui concerne nos achats. <br>Si vous \u00eates un professionnel de la sant\u00e9, je vous recommande vivement de consid\u00e9rer Solycare Afrique pour vos besoins en \u00e9quipements et conseils.<\/p>\t\t\t\t\t\t\t\t<\/div>\n\t\t\t\t<\/div>\n\t\t\t\t\t<\/div>\n\t\t<\/div>\n\t\t\t\t\t<\/div>\n\t\t<\/section>\n\t\t\t\t<\/div>\n\t\t","protected":false},"excerpt":{"rendered":"<p>&#8220;Leurs produits sont fiables et durables avec un excellent service apr\u00e8s-vente. M\u00e9decin Je recommande fortement Solycare Afrique pour leur gamme compl\u00e8te de solutions innovantes et \u00e0 des prix comp\u00e9titifs. Leurs produits sont fiables et durables avec un excellent service apr\u00e8s-vente. L&#8217;\u00e9quipe de service client est toujours attentive \u00e0 nos besoins&hellip;<\/p>\n","protected":false},"author":3,"featured_media":609,"parent":0,"menu_order":0,"comment_status":"closed","ping_status":"closed","template":"","meta":{"footnotes":""},"class_list":["post-603","page","type-page","status-publish","has-post-thumbnail","hentry"],"_links":{"self":[{"href":"https:\/\/solycareafrique.com\/index.php\/wp-json\/wp\/v2\/pages\/603","targetHints":{"allow":["GET"]}}],"collection":[{"href":"https:\/\/solycareafrique.com\/index.php\/wp-json\/wp\/v2\/pages"}],"about":[{"href":"https:\/\/solycareafrique.com\/index.php\/wp-json\/wp\/v2\/types\/page"}],"author":[{"embeddable":true,"href":"https:\/\/solycareafrique.com\/index.php\/wp-json\/wp\/v2\/users\/3"}],"replies":[{"embeddable":true,"href":"https:\/\/solycareafrique.com\/index.php\/wp-json\/wp\/v2\/comments?post=603"}],"version-history":[{"count":16,"href":"https:\/\/solycareafrique.com\/index.php\/wp-json\/wp\/v2\/pages\/603\/revisions"}],"predecessor-version":[{"id":1409,"href":"https:\/\/solycareafrique.com\/index.php\/wp-json\/wp\/v2\/pages\/603\/revisions\/1409"}],"wp:featuredmedia":[{"embeddable":true,"href":"https:\/\/solycareafrique.com\/index.php\/wp-json\/wp\/v2\/media\/609"}],"wp:attachment":[{"href":"https:\/\/solycareafrique.com\/index.php\/wp-json\/wp\/v2\/media?parent=603"}],"curies":[{"name":"wp","href":"https:\/\/api.w.org\/{rel}","templated":true}]}}